{"id":10,"date":"2024-06-14T14:27:13","date_gmt":"2024-06-14T14:27:13","guid":{"rendered":"https:\/\/demosites.royal-elementor-addons.com\/financial-services-v1\/?page_id=10"},"modified":"2024-12-09T15:02:18","modified_gmt":"2024-12-09T15:02:18","slug":"hizmetler","status":"publish","type":"page","link":"https:\/\/mnsymm.com.tr\/?page_id=10","title":{"rendered":"Hizmetler"},"content":{"rendered":"\t\t<div data-elementor-type=\"wp-page\" data-elementor-id=\"10\" class=\"elementor elementor-10\">\n\t\t\t\t<div class=\"elementor-element elementor-element-0580e27 e-flex e-con-boxed wpr-particle-no wpr-jarallax-no wpr-parallax-no wpr-sticky-section-no e-con e-parent\" data-id=\"0580e27\" data-element_type=\"container\" data-settings=\"{&quot;background_background&quot;:&quot;classic&quot;}\">\n\t\t\t\t\t<div class=\"e-con-inner\">\n\t\t\t\t<div class=\"elementor-element elementor-element-f1a85f1 elementor-widget elementor-widget-heading\" data-id=\"f1a85f1\" data-element_type=\"widget\" data-widget_type=\"heading.default\">\n\t\t\t\t<div class=\"elementor-widget-container\">\n\t\t\t<h1 class=\"elementor-heading-title elementor-size-default\">Hizmetlerimiz<\/h1>\t\t<\/div>\n\t\t\t\t<\/div>\n\t\t\t\t\t<\/div>\n\t\t\t\t<\/div>\n\t\t<div class=\"elementor-element elementor-element-00206bc e-flex e-con-boxed wpr-particle-no wpr-jarallax-no wpr-parallax-no wpr-sticky-section-no e-con e-child\" data-id=\"00206bc\" data-element_type=\"container\">\n\t\t\t\t\t<div class=\"e-con-inner\">\n\t\t\t\t<div class=\"elementor-element elementor-element-7b94074 elementor-widget elementor-widget-heading\" data-id=\"7b94074\" data-element_type=\"widget\" data-widget_type=\"heading.default\">\n\t\t\t\t<div class=\"elementor-widget-container\">\n\t\t\t<h2 class=\"elementor-heading-title elementor-size-default\">Hizmetlerimiz<\/h2>\t\t<\/div>\n\t\t\t\t<\/div>\n\t\t\t\t<div class=\"elementor-element elementor-element-085690e elementor-widget elementor-widget-text-editor\" data-id=\"085690e\" data-element_type=\"widget\" data-widget_type=\"text-editor.default\">\n\t\t\t\t<div class=\"elementor-widget-container\">\n\t\t\t\t\t\t\t<p>M\u00fc\u015fterilerimiz i\u00e7in a\u015fa\u011f\u0131daki ana ba\u015fl\u0131klarda hizmet vermekteyiz<\/p>\t\t\t\t\t\t<\/div>\n\t\t\t\t<\/div>\n\t\t<div class=\"elementor-element elementor-element-bc6e7f9 e-grid e-con-boxed wpr-particle-no wpr-jarallax-no wpr-parallax-no wpr-sticky-section-no e-con e-child\" data-id=\"bc6e7f9\" data-element_type=\"container\">\n\t\t\t\t\t<div class=\"e-con-inner\">\n\t\t\t\t<div class=\"elementor-element elementor-element-a9a9383 elementor-position-top elementor-invisible elementor-widget elementor-widget-image-box\" data-id=\"a9a9383\" data-element_type=\"widget\" data-settings=\"{&quot;_animation&quot;:&quot;zoomIn&quot;}\" data-widget_type=\"image-box.default\">\n\t\t\t\t<div class=\"elementor-widget-container\">\n\t\t\t<div class=\"elementor-image-box-wrapper\"><figure class=\"elementor-image-box-img\"><img fetchpriority=\"high\" decoding=\"async\" width=\"430\" height=\"430\" src=\"https:\/\/mnsymm.com.tr\/wp-content\/uploads\/2024\/06\/Services-1.png\" class=\"attachment-full size-full wp-image-858\" alt=\"\" srcset=\"https:\/\/mnsymm.com.tr\/wp-content\/uploads\/2024\/06\/Services-1.png 430w, https:\/\/mnsymm.com.tr\/wp-content\/uploads\/2024\/06\/Services-1-300x300.png 300w, https:\/\/mnsymm.com.tr\/wp-content\/uploads\/2024\/06\/Services-1-150x150.png 150w\" sizes=\"(max-width: 430px) 100vw, 430px\" \/><\/figure><div class=\"elementor-image-box-content\"><h3 class=\"elementor-image-box-title\">Tasdik ve Raporlama Hizmetleri<\/h3><p class=\"elementor-image-box-description\">Tasdik, denetim ilke ve standartlar\u0131na g\u00f6re uygunluk y\u00f6n\u00fcnden yap\u0131lan inceleme sonu\u00e7lar\u0131na dayan\u0131larak tasdik kapsam\u0131na giren konular\u0131n\u2026<\/p><\/div><\/div>\t\t<\/div>\n\t\t\t\t<\/div>\n\t\t\t\t<div class=\"elementor-element elementor-element-c050eda elementor-position-top elementor-invisible elementor-widget elementor-widget-image-box\" data-id=\"c050eda\" data-element_type=\"widget\" data-settings=\"{&quot;_animation&quot;:&quot;zoomIn&quot;,&quot;_animation_delay&quot;:400}\" data-widget_type=\"image-box.default\">\n\t\t\t\t<div class=\"elementor-widget-container\">\n\t\t\t<div class=\"elementor-image-box-wrapper\"><figure class=\"elementor-image-box-img\"><img decoding=\"async\" width=\"431\" height=\"431\" src=\"https:\/\/mnsymm.com.tr\/wp-content\/uploads\/2024\/06\/Services-4.png\" class=\"attachment-full size-full wp-image-861\" alt=\"\" srcset=\"https:\/\/mnsymm.com.tr\/wp-content\/uploads\/2024\/06\/Services-4.png 431w, https:\/\/mnsymm.com.tr\/wp-content\/uploads\/2024\/06\/Services-4-300x300.png 300w, https:\/\/mnsymm.com.tr\/wp-content\/uploads\/2024\/06\/Services-4-150x150.png 150w\" sizes=\"(max-width: 431px) 100vw, 431px\" \/><\/figure><div class=\"elementor-image-box-content\"><h3 class=\"elementor-image-box-title\">Denetim Hizmetleri<\/h3><p class=\"elementor-image-box-description\">\nFirmam\u0131zca, yolsuzluk ve suistimal denetimlerinde, hile, yolsuzluk ve suistimali tespit edilmesi ve bu sorunlar\u0131n ortaya\u2026<\/p><\/div><\/div>\t\t<\/div>\n\t\t\t\t<\/div>\n\t\t\t\t<div class=\"elementor-element elementor-element-5b15066 elementor-position-top elementor-invisible elementor-widget elementor-widget-image-box\" data-id=\"5b15066\" data-element_type=\"widget\" data-settings=\"{&quot;_animation&quot;:&quot;zoomIn&quot;,&quot;_animation_delay&quot;:100}\" data-widget_type=\"image-box.default\">\n\t\t\t\t<div class=\"elementor-widget-container\">\n\t\t\t<div class=\"elementor-image-box-wrapper\"><figure class=\"elementor-image-box-img\"><img decoding=\"async\" width=\"430\" height=\"430\" src=\"https:\/\/mnsymm.com.tr\/wp-content\/uploads\/2024\/06\/Services-2.png\" class=\"attachment-full size-full wp-image-859\" alt=\"\" srcset=\"https:\/\/mnsymm.com.tr\/wp-content\/uploads\/2024\/06\/Services-2.png 430w, https:\/\/mnsymm.com.tr\/wp-content\/uploads\/2024\/06\/Services-2-300x300.png 300w, https:\/\/mnsymm.com.tr\/wp-content\/uploads\/2024\/06\/Services-2-150x150.png 150w\" sizes=\"(max-width: 430px) 100vw, 430px\" \/><\/figure><div class=\"elementor-image-box-content\"><h3 class=\"elementor-image-box-title\">Dan\u0131\u015fmanl\u0131k Hizmetleri<\/h3><p class=\"elementor-image-box-description\">\nPiyasa ko\u015fullar\u0131nda ve ekonomik konjonkt\u00fcrde ortaya \u00e7\u0131kan de\u011fi\u015fimlere uyum sa\u011flamak i\u00e7in birle\u015fmeler, sat\u0131n almalar, b\u00f6l\u00fcnmeler, tedarik\u2026<\/p><\/div><\/div>\t\t<\/div>\n\t\t\t\t<\/div>\n\t\t\t\t<div class=\"elementor-element elementor-element-63a21ff wpr-button-icon-style-inline wpr-button-icon-position-right elementor-widget elementor-widget-wpr-button\" data-id=\"63a21ff\" data-element_type=\"widget\" data-widget_type=\"wpr-button.default\">\n\t\t\t\t<div class=\"elementor-widget-container\">\n\t\t\t\t\n\t\t\t\n\t\t\n\t\t<div class=\"wpr-button-wrap elementor-clearfix\">\n\t\t<a class=\"wpr-button wpr-button-effect wpr-button-none\" data-text=\"Go\" href=\"https:\/\/mnsymm.com.tr\/?page_id=1306\">\n\t\t\t\n\t\t\t<span class=\"wpr-button-content\">\n\t\t\t\t\t\t\t\t\t<span class=\"wpr-button-text\">Daha Fazla<\/span>\n\t\t\t\t\t\t\t\t\n\t\t\t\t\t\t\t\t\t<span class=\"wpr-button-icon\"><svg class=\"e-font-icon-svg e-fas-angle-right\" viewBox=\"0 0 256 512\" xmlns=\"http:\/\/www.w3.org\/2000\/svg\"><path d=\"M224.3 273l-136 136c-9.4 9.4-24.6 9.4-33.9 0l-22.6-22.6c-9.4-9.4-9.4-24.6 0-33.9l96.4-96.4-96.4-96.4c-9.4-9.4-9.4-24.6 0-33.9L54.3 103c9.4-9.4 24.6-9.4 33.9 0l136 136c9.5 9.4 9.5 24.6.1 34z\"><\/path><\/svg><\/span>\n\t\t\t\t\t\t\t<\/span>\n\t\t<\/a>\n\n\t\t\t\t<\/div>\n\t\n\t\n\t\t\t<\/div>\n\t\t\t\t<\/div>\n\t\t\t\t<div class=\"elementor-element elementor-element-9a80ed4 wpr-button-icon-style-inline wpr-button-icon-position-right elementor-widget elementor-widget-wpr-button\" data-id=\"9a80ed4\" data-element_type=\"widget\" data-widget_type=\"wpr-button.default\">\n\t\t\t\t<div class=\"elementor-widget-container\">\n\t\t\t\t\n\t\t\t\n\t\t\n\t\t<div class=\"wpr-button-wrap elementor-clearfix\">\n\t\t<a class=\"wpr-button wpr-button-effect wpr-button-none\" data-text=\"Go\" href=\"https:\/\/mnsymm.com.tr\/?page_id=1350\">\n\t\t\t\n\t\t\t<span class=\"wpr-button-content\">\n\t\t\t\t\t\t\t\t\t<span class=\"wpr-button-text\">Daha Fazla<\/span>\n\t\t\t\t\t\t\t\t\n\t\t\t\t\t\t\t\t\t<span class=\"wpr-button-icon\"><svg class=\"e-font-icon-svg e-fas-angle-right\" viewBox=\"0 0 256 512\" xmlns=\"http:\/\/www.w3.org\/2000\/svg\"><path d=\"M224.3 273l-136 136c-9.4 9.4-24.6 9.4-33.9 0l-22.6-22.6c-9.4-9.4-9.4-24.6 0-33.9l96.4-96.4-96.4-96.4c-9.4-9.4-9.4-24.6 0-33.9L54.3 103c9.4-9.4 24.6-9.4 33.9 0l136 136c9.5 9.4 9.5 24.6.1 34z\"><\/path><\/svg><\/span>\n\t\t\t\t\t\t\t<\/span>\n\t\t<\/a>\n\n\t\t\t\t<\/div>\n\t\n\t\n\t\t\t<\/div>\n\t\t\t\t<\/div>\n\t\t\t\t<div class=\"elementor-element elementor-element-e8aac22 wpr-button-icon-style-inline wpr-button-icon-position-right elementor-widget elementor-widget-wpr-button\" data-id=\"e8aac22\" data-element_type=\"widget\" data-widget_type=\"wpr-button.default\">\n\t\t\t\t<div class=\"elementor-widget-container\">\n\t\t\t\t\n\t\t\t\n\t\t\n\t\t<div class=\"wpr-button-wrap elementor-clearfix\">\n\t\t<a class=\"wpr-button wpr-button-effect wpr-button-none\" data-text=\"Go\" href=\"https:\/\/mnsymm.com.tr\/?page_id=1357\">\n\t\t\t\n\t\t\t<span class=\"wpr-button-content\">\n\t\t\t\t\t\t\t\t\t<span class=\"wpr-button-text\">Daha Fazla<\/span>\n\t\t\t\t\t\t\t\t\n\t\t\t\t\t\t\t\t\t<span class=\"wpr-button-icon\"><svg class=\"e-font-icon-svg e-fas-angle-right\" viewBox=\"0 0 256 512\" xmlns=\"http:\/\/www.w3.org\/2000\/svg\"><path d=\"M224.3 273l-136 136c-9.4 9.4-24.6 9.4-33.9 0l-22.6-22.6c-9.4-9.4-9.4-24.6 0-33.9l96.4-96.4-96.4-96.4c-9.4-9.4-9.4-24.6 0-33.9L54.3 103c9.4-9.4 24.6-9.4 33.9 0l136 136c9.5 9.4 9.5 24.6.1 34z\"><\/path><\/svg><\/span>\n\t\t\t\t\t\t\t<\/span>\n\t\t<\/a>\n\n\t\t\t\t<\/div>\n\t\n\t\n\t\t\t<\/div>\n\t\t\t\t<\/div>\n\t\t\t\t\t<\/div>\n\t\t\t\t<\/div>\n\t\t\t\t\t<\/div>\n\t\t\t\t<\/div>\n\t\t\t\t<\/div>\n\t\t","protected":false},"excerpt":{"rendered":"<p>Hizmetlerimiz Hizmetlerimiz M\u00fc\u015fterilerimiz i\u00e7in a\u015fa\u011f\u0131daki ana ba\u015fl\u0131klarda hizmet vermekteyiz Tasdik ve Raporlama Hizmetleri Tasdik, denetim ilke ve standartlar\u0131na g\u00f6re uygunluk y\u00f6n\u00fcnden yap\u0131lan inceleme sonu\u00e7lar\u0131na dayan\u0131larak tasdik kapsam\u0131na giren konular\u0131n\u2026 Denetim Hizmetleri Firmam\u0131zca, yolsuzluk ve suistimal denetimlerinde, hile, yolsuzluk ve suistimali tespit edilmesi ve bu sorunlar\u0131n ortaya\u2026 Dan\u0131\u015fmanl\u0131k Hizmetleri Piyasa ko\u015fullar\u0131nda ve ekonomik konjonkt\u00fcrde ortaya \u00e7\u0131kan de\u011fi\u015fimlere uyum sa\u011flamak i\u00e7in birle\u015fmeler, sat\u0131n almalar, b\u00f6l\u00fcnmeler, tedarik\u2026 Daha Fazla Daha Fazla Daha Fazla<\/p>\n","protected":false},"author":1,"featured_media":0,"parent":0,"menu_order":0,"comment_status":"closed","ping_status":"closed","template":"elementor_canvas","meta":{"footnotes":""},"class_list":["post-10","page","type-page","status-publish","hentry"],"aioseo_notices":[],"_links":{"self":[{"href":"https:\/\/mnsymm.com.tr\/index.php?rest_route=\/wp\/v2\/pages\/10","targetHints":{"allow":["GET"]}}],"collection":[{"href":"https:\/\/mnsymm.com.tr\/index.php?rest_route=\/wp\/v2\/pages"}],"about":[{"href":"https:\/\/mnsymm.com.tr\/index.php?rest_route=\/wp\/v2\/types\/page"}],"author":[{"embeddable":true,"href":"https:\/\/mnsymm.com.tr\/index.php?rest_route=\/wp\/v2\/users\/1"}],"replies":[{"embeddable":true,"href":"https:\/\/mnsymm.com.tr\/index.php?rest_route=%2Fwp%2Fv2%2Fcomments&post=10"}],"version-history":[{"count":13,"href":"https:\/\/mnsymm.com.tr\/index.php?rest_route=\/wp\/v2\/pages\/10\/revisions"}],"predecessor-version":[{"id":1592,"href":"https:\/\/mnsymm.com.tr\/index.php?rest_route=\/wp\/v2\/pages\/10\/revisions\/1592"}],"wp:attachment":[{"href":"https:\/\/mnsymm.com.tr\/index.php?rest_route=%2Fwp%2Fv2%2Fmedia&parent=10"}],"curies":[{"name":"wp","href":"https:\/\/api.w.org\/{rel}","templated":true}]}}