{"id":1350,"date":"2024-12-05T21:25:56","date_gmt":"2024-12-05T21:25:56","guid":{"rendered":"https:\/\/mnsymm.com.tr\/?page_id=1350"},"modified":"2024-12-06T13:16:46","modified_gmt":"2024-12-06T13:16:46","slug":"denetim-hizmetleri","status":"publish","type":"page","link":"https:\/\/mnsymm.com.tr\/?page_id=1350","title":{"rendered":"Denetim Hizmetleri"},"content":{"rendered":"\t\t<div data-elementor-type=\"wp-page\" data-elementor-id=\"1350\" class=\"elementor elementor-1350\">\n\t\t\t\t\t\t<section class=\"elementor-section elementor-top-section elementor-element elementor-element-4b1587d60 elementor-section-boxed elementor-section-height-default elementor-section-height-default wpr-particle-no wpr-jarallax-no wpr-parallax-no wpr-sticky-section-no\" data-id=\"4b1587d60\" data-element_type=\"section\">\n\t\t\t\t\t\t<div class=\"elementor-container elementor-column-gap-no\">\n\t\t\t\t\t<div class=\"elementor-column elementor-col-100 elementor-top-column elementor-element elementor-element-6a44253a\" data-id=\"6a44253a\" data-element_type=\"column\">\n\t\t\t<div class=\"elementor-widget-wrap elementor-element-populated\">\n\t\t\t\t\t\t<div class=\"elementor-element elementor-element-a40145c elementor-widget elementor-widget-heading\" data-id=\"a40145c\" data-element_type=\"widget\" data-widget_type=\"heading.default\">\n\t\t\t\t<div class=\"elementor-widget-container\">\n\t\t\t<h2 class=\"elementor-heading-title elementor-size-default\">Denetim Hizmetleri\n<\/h2>\t\t<\/div>\n\t\t\t\t<\/div>\n\t\t\t\t<div class=\"elementor-element elementor-element-358d3277 elementor-widget-divider--view-line elementor-widget elementor-widget-divider\" data-id=\"358d3277\" data-element_type=\"widget\" data-widget_type=\"divider.default\">\n\t\t\t\t<div class=\"elementor-widget-container\">\n\t\t\t\t\t<div class=\"elementor-divider\">\n\t\t\t<span class=\"elementor-divider-separator\">\n\t\t\t\t\t\t<\/span>\n\t\t<\/div>\n\t\t\t\t<\/div>\n\t\t\t\t<\/div>\n\t\t\t\t<section class=\"elementor-section elementor-inner-section elementor-element elementor-element-340602f3 elementor-section-boxed elementor-section-height-default elementor-section-height-default wpr-particle-no wpr-jarallax-no wpr-parallax-no wpr-sticky-section-no\" data-id=\"340602f3\" data-element_type=\"section\">\n\t\t\t\t\t\t<div class=\"elementor-container elementor-column-gap-default\">\n\t\t\t\t\t<div class=\"elementor-column elementor-col-50 elementor-inner-column elementor-element elementor-element-425f2a47\" data-id=\"425f2a47\" data-element_type=\"column\">\n\t\t\t<div class=\"elementor-widget-wrap elementor-element-populated\">\n\t\t\t\t\t\t<div class=\"elementor-element elementor-element-2a55339 elementor-widget elementor-widget-text-editor\" data-id=\"2a55339\" data-element_type=\"widget\" data-widget_type=\"text-editor.default\">\n\t\t\t\t<div class=\"elementor-widget-container\">\n\t\t\t\t\t\t\t<p><strong>Yolsuzluk ve Suistimal Denetimleri<\/strong><\/p><p>\u00a0<\/p><p>Firmam\u0131zca, yolsuzluk ve suistimal denetimlerinde, hile, yolsuzluk ve suistimali tespit edilmesi ve bu sorunlar\u0131n ortaya \u00e7\u0131kmas\u0131n\u0131 engelleyecek mekanizmalar\u0131n \u00fcretilmesi ve bunlar\u0131 hayata ge\u00e7irilmesi konular\u0131na y\u00f6nelik denetim ve raporlama hizmeti sunulmaktad\u0131r.<\/p>\t\t\t\t\t\t<\/div>\n\t\t\t\t<\/div>\n\t\t\t\t\t<\/div>\n\t\t<\/div>\n\t\t\t\t<div class=\"elementor-column elementor-col-50 elementor-inner-column elementor-element elementor-element-83e8966\" data-id=\"83e8966\" data-element_type=\"column\">\n\t\t\t<div class=\"elementor-widget-wrap elementor-element-populated\">\n\t\t\t\t\t\t<div class=\"elementor-element elementor-element-99b4feb elementor-widget elementor-widget-image\" data-id=\"99b4feb\" data-element_type=\"widget\" data-widget_type=\"image.default\">\n\t\t\t\t<div class=\"elementor-widget-container\">\n\t\t\t\t\t\t\t\t\t\t\t\t\t<img fetchpriority=\"high\" decoding=\"async\" width=\"400\" height=\"400\" src=\"https:\/\/mnsymm.com.tr\/wp-content\/uploads\/2024\/06\/Financial-Icons-3.png\" class=\"attachment-large size-large wp-image-552\" alt=\"\" srcset=\"https:\/\/mnsymm.com.tr\/wp-content\/uploads\/2024\/06\/Financial-Icons-3.png 400w, https:\/\/mnsymm.com.tr\/wp-content\/uploads\/2024\/06\/Financial-Icons-3-300x300.png 300w, https:\/\/mnsymm.com.tr\/wp-content\/uploads\/2024\/06\/Financial-Icons-3-150x150.png 150w\" sizes=\"(max-width: 400px) 100vw, 400px\" \/>\t\t\t\t\t\t\t\t\t\t\t\t\t<\/div>\n\t\t\t\t<\/div>\n\t\t\t\t\t<\/div>\n\t\t<\/div>\n\t\t\t\t\t<\/div>\n\t\t<\/section>\n\t\t\t\t\t<\/div>\n\t\t<\/div>\n\t\t\t\t\t<\/div>\n\t\t<\/section>\n\t\t\t\t<\/div>\n\t\t","protected":false},"excerpt":{"rendered":"<p>Denetim Hizmetleri Yolsuzluk ve Suistimal Denetimleri \u00a0 Firmam\u0131zca, yolsuzluk ve suistimal denetimlerinde, hile, yolsuzluk ve suistimali tespit edilmesi ve bu sorunlar\u0131n ortaya \u00e7\u0131kmas\u0131n\u0131 engelleyecek mekanizmalar\u0131n \u00fcretilmesi ve bunlar\u0131 hayata ge\u00e7irilmesi konular\u0131na y\u00f6nelik denetim ve raporlama hizmeti sunulmaktad\u0131r.<\/p>\n","protected":false},"author":1,"featured_media":0,"parent":0,"menu_order":0,"comment_status":"closed","ping_status":"closed","template":"","meta":{"footnotes":""},"class_list":["post-1350","page","type-page","status-publish","hentry"],"aioseo_notices":[],"_links":{"self":[{"href":"https:\/\/mnsymm.com.tr\/index.php?rest_route=\/wp\/v2\/pages\/1350","targetHints":{"allow":["GET"]}}],"collection":[{"href":"https:\/\/mnsymm.com.tr\/index.php?rest_route=\/wp\/v2\/pages"}],"about":[{"href":"https:\/\/mnsymm.com.tr\/index.php?rest_route=\/wp\/v2\/types\/page"}],"author":[{"embeddable":true,"href":"https:\/\/mnsymm.com.tr\/index.php?rest_route=\/wp\/v2\/users\/1"}],"replies":[{"embeddable":true,"href":"https:\/\/mnsymm.com.tr\/index.php?rest_route=%2Fwp%2Fv2%2Fcomments&post=1350"}],"version-history":[{"count":10,"href":"https:\/\/mnsymm.com.tr\/index.php?rest_route=\/wp\/v2\/pages\/1350\/revisions"}],"predecessor-version":[{"id":1509,"href":"https:\/\/mnsymm.com.tr\/index.php?rest_route=\/wp\/v2\/pages\/1350\/revisions\/1509"}],"wp:attachment":[{"href":"https:\/\/mnsymm.com.tr\/index.php?rest_route=%2Fwp%2Fv2%2Fmedia&parent=1350"}],"curies":[{"name":"wp","href":"https:\/\/api.w.org\/{rel}","templated":true}]}}