{"id":1357,"date":"2024-12-05T21:31:37","date_gmt":"2024-12-05T21:31:37","guid":{"rendered":"https:\/\/mnsymm.com.tr\/?page_id=1357"},"modified":"2024-12-06T13:25:44","modified_gmt":"2024-12-06T13:25:44","slug":"danismanlik-hizmetleri","status":"publish","type":"page","link":"https:\/\/mnsymm.com.tr\/?page_id=1357","title":{"rendered":"Dan\u0131\u015fmanl\u0131k Hizmetleri"},"content":{"rendered":"\t\t<div data-elementor-type=\"wp-page\" data-elementor-id=\"1357\" class=\"elementor elementor-1357\">\n\t\t\t\t<div class=\"elementor-element elementor-element-2a8f018 e-flex e-con-boxed wpr-particle-no wpr-jarallax-no wpr-parallax-no wpr-sticky-section-no e-con e-parent\" data-id=\"2a8f018\" data-element_type=\"container\">\n\t\t\t\t\t<div class=\"e-con-inner\">\n\t\t\t\t<div class=\"elementor-element elementor-element-b4411e1 elementor-widget elementor-widget-heading\" data-id=\"b4411e1\" data-element_type=\"widget\" data-widget_type=\"heading.default\">\n\t\t\t\t<div class=\"elementor-widget-container\">\n\t\t\t<h2 class=\"elementor-heading-title elementor-size-default\">Dan\u0131\u015fmanl\u0131k Hizmetleri\n<\/h2>\t\t<\/div>\n\t\t\t\t<\/div>\n\t\t\t\t<div class=\"elementor-element elementor-element-d07fba9 elementor-widget-divider--view-line elementor-widget elementor-widget-divider\" data-id=\"d07fba9\" data-element_type=\"widget\" data-widget_type=\"divider.default\">\n\t\t\t\t<div class=\"elementor-widget-container\">\n\t\t\t\t\t<div class=\"elementor-divider\">\n\t\t\t<span class=\"elementor-divider-separator\">\n\t\t\t\t\t\t<\/span>\n\t\t<\/div>\n\t\t\t\t<\/div>\n\t\t\t\t<\/div>\n\t\t\t\t\t<\/div>\n\t\t\t\t<\/div>\n\t\t\t\t<section class=\"elementor-section elementor-top-section elementor-element elementor-element-5d2affd90 elementor-section-boxed elementor-section-height-default elementor-section-height-default wpr-particle-no wpr-jarallax-no wpr-parallax-no wpr-sticky-section-no\" data-id=\"5d2affd90\" data-element_type=\"section\" data-settings=\"{&quot;background_background&quot;:&quot;classic&quot;}\">\n\t\t\t\t\t\t<div class=\"elementor-container elementor-column-gap-default\">\n\t\t\t\t\t<div class=\"elementor-column elementor-col-100 elementor-top-column elementor-element elementor-element-2ba939e8\" data-id=\"2ba939e8\" data-element_type=\"column\">\n\t\t\t<div class=\"elementor-widget-wrap elementor-element-populated\">\n\t\t\t\t\t\t<div class=\"elementor-element elementor-element-53275fdd elementor-invisible elementor-widget elementor-widget-accordion\" data-id=\"53275fdd\" data-element_type=\"widget\" data-settings=\"{&quot;_animation&quot;:&quot;slideInLeft&quot;,&quot;_animation_delay&quot;:300}\" data-widget_type=\"accordion.default\">\n\t\t\t\t<div class=\"elementor-widget-container\">\n\t\t\t\t\t<div class=\"elementor-accordion\">\n\t\t\t\t\t\t\t<div class=\"elementor-accordion-item\">\n\t\t\t\t\t<div id=\"elementor-tab-title-1391\" class=\"elementor-tab-title\" data-tab=\"1\" role=\"button\" aria-controls=\"elementor-tab-content-1391\" aria-expanded=\"false\">\n\t\t\t\t\t\t\t\t\t\t\t\t\t<span class=\"elementor-accordion-icon elementor-accordion-icon-left\" aria-hidden=\"true\">\n\t\t\t\t\t\t\t\t\t\t\t\t\t\t\t<span class=\"elementor-accordion-icon-closed\"><svg class=\"e-font-icon-svg e-fas-caret-down\" viewBox=\"0 0 320 512\" xmlns=\"http:\/\/www.w3.org\/2000\/svg\"><path d=\"M31.3 192h257.3c17.8 0 26.7 21.5 14.1 34.1L174.1 354.8c-7.8 7.8-20.5 7.8-28.3 0L17.2 226.1C4.6 213.5 13.5 192 31.3 192z\"><\/path><\/svg><\/span>\n\t\t\t\t\t\t\t\t<span class=\"elementor-accordion-icon-opened\"><svg class=\"e-font-icon-svg e-fas-caret-up\" viewBox=\"0 0 320 512\" xmlns=\"http:\/\/www.w3.org\/2000\/svg\"><path d=\"M288.662 352H31.338c-17.818 0-26.741-21.543-14.142-34.142l128.662-128.662c7.81-7.81 20.474-7.81 28.284 0l128.662 128.662c12.6 12.599 3.676 34.142-14.142 34.142z\"><\/path><\/svg><\/span>\n\t\t\t\t\t\t\t\t\t\t\t\t\t\t<\/span>\n\t\t\t\t\t\t\t\t\t\t\t\t<a class=\"elementor-accordion-title\" tabindex=\"0\">Mali Hukuk<\/a>\n\t\t\t\t\t<\/div>\n\t\t\t\t\t<div id=\"elementor-tab-content-1391\" class=\"elementor-tab-content elementor-clearfix\" data-tab=\"1\" role=\"region\" aria-labelledby=\"elementor-tab-title-1391\"><p><strong>Vergi Dan\u0131\u015fmanl\u0131\u011f\u0131<\/strong><\/p><ul><li>Kurumlar vergisi ve gelir vergisi,<\/li><li>Vergi stopaj\u0131,<\/li><li>Katma de\u011fer vergisi, \u00f6zel t\u00fcketim vergisi, damga vergisi, BSMV ve KKDF gibi i\u015flem \u00fczerinden al\u0131nan vergiler,<\/li><li>Veraset ve intikal vergisi ve emlak vergisi gibi servet \u00fczerinden al\u0131nan vergiler,<\/li><li>Uluslararas\u0131 vergi anla\u015fmalar\u0131,<\/li><li>Yat\u0131r\u0131m te\u015fvikleri,<\/li><li>Ar-ge, tasar\u0131m ve inovasyon te\u015fvik ve destek uygulama dan\u0131\u015fmanl\u0131\u011f\u0131 ve idari otoriteler nezdinde \u015firketlerin temsili,<\/li><li>Ar-ge, tasar\u0131m ve inovasyon uygulamalar\u0131 kapsam\u0131nda muhasebe, kurumlar vergisi, katma de\u011fer vergisi, damga vergisi ve di\u011fer vergisel uygulamalar kapsam\u0131nda dan\u0131\u015fmanl\u0131k hizmetleri,<\/li><li>Ara\u015ft\u0131rma Geli\u015ftirme Faaliyetlerinin Desteklenmesi Hakk\u0131nda Kanun kapsam\u0131nda mali uygulama dan\u0131\u015fmanl\u0131\u011f\u0131,<\/li><li>Ar-ge, tasar\u0131m ve yenilik maliyesine ili\u015fkin yeminli mali m\u00fc\u015favirlik raporlama hizmetleri,<\/li><li>G\u00fcmr\u00fck ve serbest b\u00f6lge uygulamalar\u0131 dan\u0131\u015fmanl\u0131\u011f\u0131,<\/li><li>Teknoloji Geli\u015ftirme B\u00f6lgeleri Kanunu kapsam\u0131nda mali uygulama dan\u0131\u015fmanl\u0131\u011f\u0131,<\/li><li>D\u00f6nem sonu envanter i\u015flemleri ve kapan\u0131\u015f i\u015flemlerine \u00f6zel dan\u0131\u015fmanl\u0131k hizmetleri sunulmas\u0131,<\/li><li>Spesifik konularda inceleme ve ara\u015ft\u0131rma yap\u0131larak g\u00f6r\u00fc\u015f verilmesi,<\/li><li>Yurt i\u00e7inde ve yurt d\u0131\u015f\u0131nda \u015firket, \u015fube ve irtibat b\u00fcrosu kurulmas\u0131na ili\u015fkin dan\u0131\u015fmanl\u0131k hizmetleri sunulmas\u0131,<\/li><li>Yerel ve Uluslararas\u0131 d\u00fczeyde vergi planlamas\u0131, \u015firket yap\u0131land\u0131rmalar\u0131,<\/li><li>\u0130zaha davet kapsam\u0131nda s\u00fcrece ve esasa ili\u015fkin dan\u0131\u015fmanl\u0131k,<\/li><li>Vergi incelemesi dan\u0131\u015fmanl\u0131\u011f\u0131,<\/li><li>Uzla\u015fma s\u00fcre\u00e7lerine ili\u015fkin dan\u0131\u015fmanl\u0131k,<\/li><li>Mali uyu\u015fmazl\u0131klara ili\u015fkin s\u00fcre\u00e7 dan\u0131\u015fmanl\u0131\u011f\u0131,<\/li><\/ul><p>\u00a0<\/p><p><strong>Muhasebe<\/strong><\/p><ul><li>Uluslararas\u0131 standartlara ve mali mevzuata uygun temel muhasebe ve maliyet muhasebesi planlanmas\u0131, kurulmas\u0131 ve g\u00f6zetimi,<\/li><li>\u0130\u00e7 denetim sisteminin olu\u015fturulmas\u0131,<\/li><li>Program ve b\u00fct\u00e7e sisteminin kurulmas\u0131,<\/li><li>Ambar hareketlerinin planlanmas\u0131,<\/li><li>Raporlamalar\u0131n planlanmas\u0131,<\/li><li>Sat\u0131n alma ve sat\u0131\u015f sisteminin planlanmas\u0131,<\/li><li>\u0130\u015fletme kay\u0131tlar\u0131n\u0131n do\u011frulu\u011funun, vesikalar\u0131na ve vergi mevzuat\u0131na uygunlu\u011funun incelenmesi,<\/li><\/ul><p>\u00a0<\/p><p><strong>T\u00fcrk Ticaret Kanunu (TTK)<\/strong><\/p><ul><li>Kurumsal yeniden yap\u0131land\u0131rma projeleri s\u0131ras\u0131nda T\u00fcrk Ticaret Kanunu (TTK) uyar\u0131nca yaz\u0131lmas\u0131 zorunlu olan yeminli mali m\u00fc\u015favirlik raporlar\u0131n\u0131n haz\u0131rlanmas\u0131,<\/li><li>\u015eirketlerin kurulu\u015f ve faaliyete ge\u00e7i\u015f i\u015flemleri,<\/li><li>\u015eirketlerin yeniden yap\u0131land\u0131r\u0131lmas\u0131, birle\u015fme, b\u00f6l\u00fcnme ve devir i\u015flemleri,<\/li><li>\u015eirket genel kurul ve y\u00f6netim kurullar\u0131nda \u00f6nem arz eden i\u015f ve i\u015flemler,<\/li><li>Temett\u00fc da\u011f\u0131t\u0131mlar\u0131n\u0131n Kanuna uygun olarak ger\u00e7ekle\u015ftirilmesi,<\/li><li>Defter ve belgelerin TTK a\u00e7\u0131s\u0131ndan uyumunun sa\u011flanmas\u0131,<\/li><li>Sermaye art\u0131r\u0131m\u0131 ve azalt\u0131m\u0131 i\u015flemlerinin koordinasyonu ve gerekli raporlar\u0131n haz\u0131rlanmas\u0131,<\/li><li>Teknik iflas, konkordato gibi \u00f6zellikli hususlar\u0131n analizi.<\/li><\/ul><\/div>\n\t\t\t\t<\/div>\n\t\t\t\t\t\t\t<div class=\"elementor-accordion-item\">\n\t\t\t\t\t<div id=\"elementor-tab-title-1392\" class=\"elementor-tab-title\" data-tab=\"2\" role=\"button\" aria-controls=\"elementor-tab-content-1392\" aria-expanded=\"false\">\n\t\t\t\t\t\t\t\t\t\t\t\t\t<span class=\"elementor-accordion-icon elementor-accordion-icon-left\" aria-hidden=\"true\">\n\t\t\t\t\t\t\t\t\t\t\t\t\t\t\t<span class=\"elementor-accordion-icon-closed\"><svg class=\"e-font-icon-svg e-fas-caret-down\" viewBox=\"0 0 320 512\" xmlns=\"http:\/\/www.w3.org\/2000\/svg\"><path d=\"M31.3 192h257.3c17.8 0 26.7 21.5 14.1 34.1L174.1 354.8c-7.8 7.8-20.5 7.8-28.3 0L17.2 226.1C4.6 213.5 13.5 192 31.3 192z\"><\/path><\/svg><\/span>\n\t\t\t\t\t\t\t\t<span class=\"elementor-accordion-icon-opened\"><svg class=\"e-font-icon-svg e-fas-caret-up\" viewBox=\"0 0 320 512\" xmlns=\"http:\/\/www.w3.org\/2000\/svg\"><path d=\"M288.662 352H31.338c-17.818 0-26.741-21.543-14.142-34.142l128.662-128.662c7.81-7.81 20.474-7.81 28.284 0l128.662 128.662c12.6 12.599 3.676 34.142-14.142 34.142z\"><\/path><\/svg><\/span>\n\t\t\t\t\t\t\t\t\t\t\t\t\t\t<\/span>\n\t\t\t\t\t\t\t\t\t\t\t\t<a class=\"elementor-accordion-title\" tabindex=\"0\">Finansal Dan\u0131\u015fmanl\u0131k<\/a>\n\t\t\t\t\t<\/div>\n\t\t\t\t\t<div id=\"elementor-tab-content-1392\" class=\"elementor-tab-content elementor-clearfix\" data-tab=\"2\" role=\"region\" aria-labelledby=\"elementor-tab-title-1392\"><p><strong>Birle\u015fme, Devralma, B\u00f6l\u00fcnme ve Sat\u0131n Almalara \u0130li\u015fkin Dan\u0131\u015fmanl\u0131k,<\/strong><\/p><p>Piyasa ko\u015fullar\u0131nda ve ekonomik konjonkt\u00fcrde ortaya \u00e7\u0131kan de\u011fi\u015fimlere uyum sa\u011flamak i\u00e7in birle\u015fmeler, sat\u0131n almalar, b\u00f6l\u00fcnmeler, tedarik zincirinin yeniden planlanmas\u0131 gibi kurumsal yeniden yap\u0131land\u0131rma s\u00fcre\u00e7lerine ba\u015fvurulmaktad\u0131r.<\/p><p>Bu kapsamda a\u015fa\u011f\u0131daki hizmetler sunulmaktad\u0131r:<\/p><ul><li>Al\u0131c\u0131 taraf i\u00e7in inceleme \u00e7al\u0131\u015fmalar\u0131 (due-diligence) yap\u0131lmas\u0131,<\/li><li>Sat\u0131c\u0131 taraf i\u00e7in inceleme \u00e7al\u0131\u015fmalar\u0131 (due-diligence) yap\u0131lmas\u0131,<\/li><li>Finansal ve vergisel a\u00e7\u0131dan optimum sat\u0131n alma ya da sat\u0131\u015f modelinin kurulmas\u0131,<\/li><li>Birle\u015fme ve b\u00f6l\u00fcnme s\u00f6zle\u015fmeleri, hisse devir s\u00f6zle\u015fmeleri (SPA), ortakl\u0131k s\u00f6zle\u015fmeleri (SHA)\u2019nin g\u00f6zden ge\u00e7irilmesi ve m\u00fczakeresi,<\/li><li>\u015eirket de\u011ferlemeleri,<\/li><li>Sat\u0131n alma, birle\u015fme ve b\u00f6l\u00fcnme sonras\u0131 entegrasyon s\u00fcrecine vergi ve muhasebe y\u00f6n\u00fcnden katk\u0131da bulunulmas\u0131,<\/li><li>Kurumsal yeniden yap\u0131land\u0131rma g\u00f6r\u00fc\u015fmelerinde dan\u0131\u015fmanl\u0131k hizmeti verilmesi.<\/li><\/ul><p>\u00a0<\/p><p><strong>Halka Arz ve Tahvil \u0130hrac\u0131 Hizmetleri<\/strong><\/p><p>Zorlu ve uzun bir s\u00fcre\u00e7 olan halka arz s\u00fcrecinde kar\u015f\u0131la\u015fabilece\u011finiz risklere ili\u015fkin olarak yan\u0131n\u0131zda yer alarak, muhasebe ve finansal raporlama ile ilgili t\u00fcm gerekliliklerin yerine getirilmesi, vergi muhasebesinden UFRS\u2019ye d\u00f6n\u00fc\u015f\u00fcm\u00fcn sa\u011flanmas\u0131, ara d\u00f6nem ve y\u0131ll\u0131k raporlamalar\u0131n\u0131n yap\u0131lmas\u0131, finansal raporlaman\u0131n h\u0131z\u0131n\u0131n ve kalitesinin istenen d\u00fczeye getirilebilmesi i\u00e7in s\u00fcre\u00e7 iyile\u015ftirmeleri konular\u0131nda destek sa\u011flanmaktad\u0131r. \u015eirket i\u00e7i \u00e7al\u0131\u015fma grubunun olu\u015fturulmas\u0131, arac\u0131 kurulu\u015flar\u0131n se\u00e7imi, mali tablolar\u0131n haz\u0131rlanmas\u0131\u00a0ve\u00a0ba\u011f\u0131ms\u0131z denetim \u015firketinin se\u00e7imi, genel kurul karar\u0131 ve esas s\u00f6zle\u015fme de\u011fi\u015fikli\u011fi, fiyat belirlenmesi, ba\u015fvuru i\u00e7in gerekli belgelerin haz\u0131rlanmas\u0131 hususlar\u0131nda hizmet sunulmaktad\u0131r.<\/p><p>Tahvil ihrac\u0131 s\u00fcrecine ili\u015fkin olarak ise, SWOT analizi ve ihra\u00e7 stratejisinin belirlenmesini i\u00e7eren \u00f6n analiz yap\u0131lmas\u0131, zaman plan\u0131n\u0131n yap\u0131lmas\u0131na y\u00f6nelik proje plan\u0131n\u0131n yap\u0131lmas\u0131, dan\u0131\u015fman firmalar\u0131n se\u00e7imi ve koordinasyonlar\u0131n\u0131n sa\u011flanmas\u0131, SPK, Borsa \u0130stanbul, Takasbank, Merkezi Kay\u0131t Kurulu\u015fu gibi resmi kurumlara yap\u0131lacak raporlamalar ve ba\u015fvurularla ilgili s\u00fcre\u00e7lerin y\u00f6netimi, ihrac\u0131n maliyet ve getirisinin tespitine ili\u015fkin fiyatlama s\u00fcreci, tahvil ihrac\u0131n\u0131n ger\u00e7ekle\u015ftirilmesine y\u00f6nelik pazarlama ve sat\u0131\u015f a\u015famalar\u0131nda hizmet sunumu sa\u011flanmaktad\u0131r.<\/p><p><strong>RATING Dan\u0131\u015fmanl\u0131\u011f\u0131<\/strong><\/p><p>\u015eirketlerin kredi derecelendirmesi (rating) s\u00fcre\u00e7lerin, \u015eirketlerin finansal g\u00fc\u00e7lerinin ve kredi kalitelerinin 3. ki\u015filere do\u011fru ve sa\u011fl\u0131kl\u0131 g\u00f6sterimi a\u00e7\u0131s\u0131ndan kritik \u00f6neme sahiptir. \u015eirketlerin mali verileri her d\u00f6nem fon sa\u011flay\u0131c\u0131lar taraf\u0131ndan temin edilerek, analize ve bir kredi derecelendirme notuna tabi tutulur, sonu\u00e7lar i\u015fletmenizin finansal rekabet g\u00fcc\u00fcn\u00fc ve s\u00fcrd\u00fcr\u00fclebilir finansman kaynaklar\u0131na eri\u015fim imk\u00e2n\u0131n\u0131 ortaya koyar. Bu hizmetimiz kapsam\u0131nda; \u015eirketinizin mali verilerini analiz eder, sonu\u00e7lar\u0131 yorumlar, \u015eirket verilerinin en sa\u011fl\u0131kl\u0131 ve anla\u015f\u0131l\u0131r \u015fekilde rating analistlerine sunulmas\u0131n\u0131 sa\u011flar ve g\u00fcncel finansal durumunuza ili\u015fkin \u00f6neri ve de\u011ferlendirmelerde bulunuruz.<\/p><\/div>\n\t\t\t\t<\/div>\n\t\t\t\t\t\t\t\t<\/div>\n\t\t\t\t<\/div>\n\t\t\t\t<\/div>\n\t\t\t\t\t<\/div>\n\t\t<\/div>\n\t\t\t\t\t<\/div>\n\t\t<\/section>\n\t\t\t\t<\/div>\n\t\t","protected":false},"excerpt":{"rendered":"<p>Dan\u0131\u015fmanl\u0131k Hizmetleri Mali Hukuk Vergi Dan\u0131\u015fmanl\u0131\u011f\u0131 Kurumlar vergisi ve gelir vergisi, Vergi stopaj\u0131, Katma de\u011fer vergisi, \u00f6zel t\u00fcketim vergisi, damga vergisi, BSMV ve KKDF gibi i\u015flem \u00fczerinden al\u0131nan vergiler, Veraset ve intikal vergisi ve emlak vergisi gibi servet \u00fczerinden al\u0131nan vergiler, Uluslararas\u0131 vergi anla\u015fmalar\u0131, Yat\u0131r\u0131m te\u015fvikleri, Ar-ge, tasar\u0131m ve inovasyon te\u015fvik ve destek uygulama dan\u0131\u015fmanl\u0131\u011f\u0131 ve idari otoriteler nezdinde \u015firketlerin temsili, Ar-ge, tasar\u0131m ve inovasyon uygulamalar\u0131 kapsam\u0131nda muhasebe, kurumlar vergisi, katma de\u011fer vergisi, damga vergisi ve di\u011fer vergisel uygulamalar kapsam\u0131nda dan\u0131\u015fmanl\u0131k hizmetleri, Ara\u015ft\u0131rma Geli\u015ftirme Faaliyetlerinin Desteklenmesi Hakk\u0131nda Kanun kapsam\u0131nda mali uygulama dan\u0131\u015fmanl\u0131\u011f\u0131, Ar-ge, tasar\u0131m ve yenilik maliyesine ili\u015fkin yeminli mali m\u00fc\u015favirlik raporlama hizmetleri, G\u00fcmr\u00fck ve serbest b\u00f6lge uygulamalar\u0131 dan\u0131\u015fmanl\u0131\u011f\u0131, Teknoloji Geli\u015ftirme B\u00f6lgeleri Kanunu kapsam\u0131nda mali uygulama dan\u0131\u015fmanl\u0131\u011f\u0131, D\u00f6nem sonu envanter i\u015flemleri ve kapan\u0131\u015f i\u015flemlerine \u00f6zel dan\u0131\u015fmanl\u0131k hizmetleri sunulmas\u0131, Spesifik konularda inceleme ve ara\u015ft\u0131rma yap\u0131larak g\u00f6r\u00fc\u015f verilmesi, Yurt i\u00e7inde ve yurt d\u0131\u015f\u0131nda \u015firket, \u015fube ve irtibat b\u00fcrosu kurulmas\u0131na ili\u015fkin dan\u0131\u015fmanl\u0131k hizmetleri sunulmas\u0131, Yerel ve Uluslararas\u0131 d\u00fczeyde vergi planlamas\u0131, \u015firket yap\u0131land\u0131rmalar\u0131, \u0130zaha davet kapsam\u0131nda s\u00fcrece ve esasa ili\u015fkin dan\u0131\u015fmanl\u0131k, Vergi incelemesi dan\u0131\u015fmanl\u0131\u011f\u0131, Uzla\u015fma s\u00fcre\u00e7lerine ili\u015fkin dan\u0131\u015fmanl\u0131k, Mali uyu\u015fmazl\u0131klara ili\u015fkin s\u00fcre\u00e7 dan\u0131\u015fmanl\u0131\u011f\u0131, \u00a0 Muhasebe Uluslararas\u0131 standartlara ve mali mevzuata uygun temel muhasebe ve maliyet muhasebesi planlanmas\u0131, kurulmas\u0131 ve g\u00f6zetimi, \u0130\u00e7 denetim sisteminin olu\u015fturulmas\u0131, Program ve b\u00fct\u00e7e sisteminin kurulmas\u0131, Ambar hareketlerinin planlanmas\u0131, Raporlamalar\u0131n planlanmas\u0131, Sat\u0131n alma ve sat\u0131\u015f sisteminin planlanmas\u0131, \u0130\u015fletme kay\u0131tlar\u0131n\u0131n do\u011frulu\u011funun, vesikalar\u0131na ve vergi mevzuat\u0131na uygunlu\u011funun incelenmesi, \u00a0 T\u00fcrk Ticaret Kanunu (TTK) Kurumsal yeniden yap\u0131land\u0131rma projeleri s\u0131ras\u0131nda T\u00fcrk Ticaret Kanunu (TTK) uyar\u0131nca yaz\u0131lmas\u0131 zorunlu olan yeminli mali m\u00fc\u015favirlik raporlar\u0131n\u0131n haz\u0131rlanmas\u0131, \u015eirketlerin kurulu\u015f ve faaliyete ge\u00e7i\u015f i\u015flemleri, \u015eirketlerin yeniden yap\u0131land\u0131r\u0131lmas\u0131, birle\u015fme, b\u00f6l\u00fcnme ve devir i\u015flemleri, \u015eirket genel kurul ve y\u00f6netim kurullar\u0131nda \u00f6nem arz eden i\u015f ve i\u015flemler, Temett\u00fc da\u011f\u0131t\u0131mlar\u0131n\u0131n Kanuna uygun olarak ger\u00e7ekle\u015ftirilmesi, Defter ve belgelerin TTK a\u00e7\u0131s\u0131ndan uyumunun sa\u011flanmas\u0131, Sermaye art\u0131r\u0131m\u0131 ve azalt\u0131m\u0131 i\u015flemlerinin koordinasyonu ve gerekli raporlar\u0131n haz\u0131rlanmas\u0131, Teknik iflas, konkordato gibi \u00f6zellikli hususlar\u0131n analizi. Finansal Dan\u0131\u015fmanl\u0131k Birle\u015fme, Devralma, B\u00f6l\u00fcnme ve Sat\u0131n Almalara \u0130li\u015fkin Dan\u0131\u015fmanl\u0131k, Piyasa ko\u015fullar\u0131nda ve ekonomik konjonkt\u00fcrde ortaya \u00e7\u0131kan de\u011fi\u015fimlere uyum sa\u011flamak i\u00e7in birle\u015fmeler, sat\u0131n almalar, b\u00f6l\u00fcnmeler, tedarik zincirinin yeniden planlanmas\u0131 gibi kurumsal yeniden yap\u0131land\u0131rma s\u00fcre\u00e7lerine ba\u015fvurulmaktad\u0131r. Bu kapsamda a\u015fa\u011f\u0131daki hizmetler sunulmaktad\u0131r: Al\u0131c\u0131 taraf i\u00e7in inceleme \u00e7al\u0131\u015fmalar\u0131 (due-diligence) yap\u0131lmas\u0131, Sat\u0131c\u0131 taraf i\u00e7in inceleme \u00e7al\u0131\u015fmalar\u0131 (due-diligence) yap\u0131lmas\u0131, Finansal ve vergisel a\u00e7\u0131dan optimum sat\u0131n alma ya da sat\u0131\u015f modelinin kurulmas\u0131, Birle\u015fme ve b\u00f6l\u00fcnme s\u00f6zle\u015fmeleri, hisse devir s\u00f6zle\u015fmeleri (SPA), ortakl\u0131k s\u00f6zle\u015fmeleri (SHA)\u2019nin g\u00f6zden ge\u00e7irilmesi ve m\u00fczakeresi, \u015eirket de\u011ferlemeleri, Sat\u0131n alma, birle\u015fme ve b\u00f6l\u00fcnme sonras\u0131 entegrasyon s\u00fcrecine vergi ve muhasebe y\u00f6n\u00fcnden katk\u0131da bulunulmas\u0131, Kurumsal yeniden yap\u0131land\u0131rma g\u00f6r\u00fc\u015fmelerinde dan\u0131\u015fmanl\u0131k hizmeti verilmesi. \u00a0 Halka Arz ve Tahvil \u0130hrac\u0131 Hizmetleri Zorlu ve uzun bir s\u00fcre\u00e7 olan halka arz s\u00fcrecinde kar\u015f\u0131la\u015fabilece\u011finiz risklere ili\u015fkin olarak yan\u0131n\u0131zda yer alarak, muhasebe ve finansal raporlama ile ilgili t\u00fcm gerekliliklerin yerine getirilmesi, vergi muhasebesinden UFRS\u2019ye d\u00f6n\u00fc\u015f\u00fcm\u00fcn sa\u011flanmas\u0131, ara d\u00f6nem ve y\u0131ll\u0131k raporlamalar\u0131n\u0131n yap\u0131lmas\u0131, finansal raporlaman\u0131n h\u0131z\u0131n\u0131n ve kalitesinin istenen d\u00fczeye getirilebilmesi i\u00e7in s\u00fcre\u00e7 iyile\u015ftirmeleri konular\u0131nda destek sa\u011flanmaktad\u0131r. \u015eirket i\u00e7i \u00e7al\u0131\u015fma grubunun olu\u015fturulmas\u0131, arac\u0131 kurulu\u015flar\u0131n se\u00e7imi, mali tablolar\u0131n haz\u0131rlanmas\u0131\u00a0ve\u00a0ba\u011f\u0131ms\u0131z denetim \u015firketinin se\u00e7imi, genel kurul karar\u0131 ve esas s\u00f6zle\u015fme de\u011fi\u015fikli\u011fi, fiyat belirlenmesi, ba\u015fvuru i\u00e7in gerekli belgelerin haz\u0131rlanmas\u0131 hususlar\u0131nda hizmet sunulmaktad\u0131r. Tahvil ihrac\u0131 s\u00fcrecine ili\u015fkin olarak ise, SWOT analizi ve ihra\u00e7 stratejisinin belirlenmesini i\u00e7eren \u00f6n analiz yap\u0131lmas\u0131, zaman plan\u0131n\u0131n yap\u0131lmas\u0131na y\u00f6nelik proje plan\u0131n\u0131n yap\u0131lmas\u0131, dan\u0131\u015fman firmalar\u0131n se\u00e7imi ve koordinasyonlar\u0131n\u0131n sa\u011flanmas\u0131, SPK, Borsa \u0130stanbul, Takasbank, Merkezi Kay\u0131t Kurulu\u015fu gibi resmi kurumlara yap\u0131lacak raporlamalar ve ba\u015fvurularla ilgili s\u00fcre\u00e7lerin y\u00f6netimi, ihrac\u0131n maliyet ve getirisinin tespitine ili\u015fkin fiyatlama s\u00fcreci, tahvil ihrac\u0131n\u0131n ger\u00e7ekle\u015ftirilmesine y\u00f6nelik pazarlama ve sat\u0131\u015f a\u015famalar\u0131nda hizmet sunumu sa\u011flanmaktad\u0131r. RATING Dan\u0131\u015fmanl\u0131\u011f\u0131 \u015eirketlerin kredi derecelendirmesi (rating) s\u00fcre\u00e7lerin, \u015eirketlerin finansal g\u00fc\u00e7lerinin ve kredi kalitelerinin 3. ki\u015filere do\u011fru ve sa\u011fl\u0131kl\u0131 g\u00f6sterimi a\u00e7\u0131s\u0131ndan kritik \u00f6neme sahiptir. \u015eirketlerin mali verileri her d\u00f6nem fon sa\u011flay\u0131c\u0131lar taraf\u0131ndan temin edilerek, analize ve bir kredi derecelendirme notuna tabi tutulur, sonu\u00e7lar i\u015fletmenizin finansal rekabet g\u00fcc\u00fcn\u00fc ve s\u00fcrd\u00fcr\u00fclebilir finansman kaynaklar\u0131na eri\u015fim imk\u00e2n\u0131n\u0131 ortaya koyar. Bu hizmetimiz kapsam\u0131nda; \u015eirketinizin mali verilerini analiz eder, sonu\u00e7lar\u0131 yorumlar, \u015eirket verilerinin en sa\u011fl\u0131kl\u0131 ve anla\u015f\u0131l\u0131r \u015fekilde rating analistlerine sunulmas\u0131n\u0131 sa\u011flar ve g\u00fcncel finansal durumunuza ili\u015fkin \u00f6neri ve de\u011ferlendirmelerde bulunuruz.<\/p>\n","protected":false},"author":1,"featured_media":0,"parent":0,"menu_order":0,"comment_status":"closed","ping_status":"closed","template":"","meta":{"footnotes":""},"class_list":["post-1357","page","type-page","status-publish","hentry"],"aioseo_notices":[],"_links":{"self":[{"href":"https:\/\/mnsymm.com.tr\/index.php?rest_route=\/wp\/v2\/pages\/1357","targetHints":{"allow":["GET"]}}],"collection":[{"href":"https:\/\/mnsymm.com.tr\/index.php?rest_route=\/wp\/v2\/pages"}],"about":[{"href":"https:\/\/mnsymm.com.tr\/index.php?rest_route=\/wp\/v2\/types\/page"}],"author":[{"embeddable":true,"href":"https:\/\/mnsymm.com.tr\/index.php?rest_route=\/wp\/v2\/users\/1"}],"replies":[{"embeddable":true,"href":"https:\/\/mnsymm.com.tr\/index.php?rest_route=%2Fwp%2Fv2%2Fcomments&post=1357"}],"version-history":[{"count":31,"href":"https:\/\/mnsymm.com.tr\/index.php?rest_route=\/wp\/v2\/pages\/1357\/revisions"}],"predecessor-version":[{"id":1542,"href":"https:\/\/mnsymm.com.tr\/index.php?rest_route=\/wp\/v2\/pages\/1357\/revisions\/1542"}],"wp:attachment":[{"href":"https:\/\/mnsymm.com.tr\/index.php?rest_route=%2Fwp%2Fv2%2Fmedia&parent=1357"}],"curies":[{"name":"wp","href":"https:\/\/api.w.org\/{rel}","templated":true}]}}