{"id":1469,"date":"2024-12-06T13:06:11","date_gmt":"2024-12-06T13:06:11","guid":{"rendered":"https:\/\/mnsymm.com.tr\/?page_id=1469"},"modified":"2024-12-10T11:50:51","modified_gmt":"2024-12-10T11:50:51","slug":"ekibimiz","status":"publish","type":"page","link":"https:\/\/mnsymm.com.tr\/?page_id=1469","title":{"rendered":"Ekibimiz"},"content":{"rendered":"\t\t<div data-elementor-type=\"wp-page\" data-elementor-id=\"1469\" class=\"elementor elementor-1469\">\n\t\t\t\t<div class=\"elementor-element elementor-element-2b22397 e-flex e-con-boxed wpr-particle-no wpr-jarallax-no wpr-parallax-no wpr-sticky-section-no e-con e-parent\" data-id=\"2b22397\" data-element_type=\"container\">\n\t\t\t\t\t<div class=\"e-con-inner\">\n\t\t\t\t<div class=\"elementor-element elementor-element-284de78 elementor-widget elementor-widget-heading\" data-id=\"284de78\" data-element_type=\"widget\" data-widget_type=\"heading.default\">\n\t\t\t\t<div class=\"elementor-widget-container\">\n\t\t\t<h2 class=\"elementor-heading-title elementor-size-default\">EK\u0130B\u0130M\u0130Z<\/h2>\t\t<\/div>\n\t\t\t\t<\/div>\n\t\t\t\t\t<\/div>\n\t\t\t\t<\/div>\n\t\t\t\t<section class=\"elementor-section elementor-top-section elementor-element elementor-element-200d44550 elementor-section-boxed elementor-section-height-default elementor-section-height-default wpr-particle-no wpr-jarallax-no wpr-parallax-no wpr-sticky-section-no\" data-id=\"200d44550\" data-element_type=\"section\">\n\t\t\t\t\t\t<div class=\"elementor-container elementor-column-gap-default\">\n\t\t\t\t\t<div class=\"elementor-column elementor-col-50 elementor-top-column elementor-element elementor-element-6ef5efca\" data-id=\"6ef5efca\" data-element_type=\"column\">\n\t\t\t<div class=\"elementor-widget-wrap elementor-element-populated\">\n\t\t\t\t\t\t<div class=\"elementor-element elementor-element-b2bbd55 wpr-team-member-divider-center wpr-team-member-social-media-center elementor-widget elementor-widget-wpr-team-member\" data-id=\"b2bbd55\" data-element_type=\"widget\" data-widget_type=\"wpr-team-member.default\">\n\t\t\t\t<div class=\"elementor-widget-container\">\n\t\t\t\n\t<div class=\"wpr-team-member\">\n\t\t\t\t\n\t\t\n\t\t<div class=\"wpr-member-content\">\n\t\t\t<h3 class=\"wpr-member-name\">Murat Akta\u015f<\/h3>\n\t\t\t\n\t\t\t\t\t\t\t<div class=\"wpr-member-job\">YMM &amp; Ba\u011f\u0131ms\u0131z Denet\u00e7i<\/div>\n\t\t\t\n\t\t\t\t\t\t\t<div class=\"wpr-member-divider\"><\/div>\n\t\t\t\n\t\t\t\t\t\t\t<div class=\"wpr-member-description\">1975 y\u0131l\u0131nda Almanya\u00b4da do\u011fdu. N\u00fcfus kay\u0131t yeri Eski\u015fehir \u0130li\u2019dir.<br><br>\n\nAnkara Maliye Meslek Lisesi (1989-1992) mezunu. 1997 y\u0131l\u0131nda Gazi \u00dcniversitesi \u0130ktisadi ve \u0130dari Bilimler Fak\u00fcltesi \u0130\u015fletme (Muhasebe Uzlan\u0131m) B\u00f6l\u00fcm\u00fc\u00b4nden mezun oldu. 2006 - 2008 y\u0131llar\u0131 aras\u0131nda Amerika Birle\u015fik Devletlerinde Carnegie Mellon Univercity\u2019de Kamu Y\u00f6netimi (Master of Public Management \u2013 MPM) alan\u0131nda y\u00fcksek lisans yapt\u0131.<br><br>\n\n1998 y\u0131l\u0131nda Maliye M\u00fcfetti\u015f Yard\u0131mc\u0131s\u0131, 2001 - 2008 y\u0131llar\u0131nda Maliye M\u00fcfetti\u015fi, 2008-2010 y\u0131llar\u0131nda Maliye Ba\u015f M\u00fcfetti\u015fi olarak g\u00f6rev yapt\u0131. 2009 - 2010 y\u0131llar\u0131nda (Eski) Tefti\u015f Kurulu Ba\u015fkan Yard\u0131mc\u0131l\u0131\u011f\u0131 g\u00f6revini y\u00fcr\u00fctt\u00fc. 2010-2013 y\u0131llar\u0131 aras\u0131nda (Eski) Maliye Bakanl\u0131\u011f\u0131 Milli Emlak Genel M\u00fcd\u00fcrl\u00fc\u011f\u00fc Bilgi \u0130\u015flem Dairesi Ba\u015fkan\u0131 olarak g\u00f6rev yapt\u0131.\u00a0 2013 - 2016 y\u0131llar\u0131nda e\u011fitmen olarak B\u00fcy\u00fck \u00d6l\u00e7ekli M\u00fckellefler Grup Ba\u015fkanl\u0131\u011f\u0131nda e\u011fitici olarak \u00e7ok say\u0131da e\u011fitim verdi.<br><br>\n\nHalen MNS Yeminli Mali M\u00fc\u015favirlik A.\u015e.\u2019nin Y\u00f6netim Kurulu Ba\u015fkan\u0131 ve dan\u0131\u015fman olarak \u00f6zel sekt\u00f6rde \u00e7al\u0131\u015fmaktad\u0131r. Ba\u011f\u0131ms\u0131z Denet\u00e7i yetkisine sahiptir. \u0130yi derecede \u0130ngilizce bilmektedir. Evlidir. 2 \u00e7ocuk sahibidir.<\/div>\n\t\t\t\t\t\t\n\t\t\t\n\t\t<div class=\"wpr-member-social-media\">\n\t\t\t\n\t\t\t\t\t\t\t<a href=\"https:\/\/www.linkedin.com\/in\/murat-akta%C5%9F-716209151\/\" class=\"wpr-member-social\">\n\t\t\t\t\t<svg aria-hidden=\"true\" class=\"e-font-icon-svg e-fab-linkedin-in\" viewBox=\"0 0 448 512\" xmlns=\"http:\/\/www.w3.org\/2000\/svg\"><path d=\"M100.28 448H7.4V148.9h92.88zM53.79 108.1C24.09 108.1 0 83.5 0 53.8a53.79 53.79 0 0 1 107.58 0c0 29.7-24.1 54.3-53.79 54.3zM447.9 448h-92.68V302.4c0-34.7-.7-79.2-48.29-79.2-48.29 0-55.69 37.7-55.69 76.7V448h-92.78V148.9h89.08v40.8h1.3c12.4-23.5 42.69-48.3 87.88-48.3 94 0 111.28 61.9 111.28 142.3V448z\"><\/path><\/svg>\t\t\t\t<\/a>\n\t\t\t\t\t\n\t\t\t\n\t\t\t\n\t\t\t\n\t\t\t\n\t\t<\/div>\n\t\t\n\t\t\t\t<\/div>\n\n\t\t\t<\/div>\n\n\t\t\t<\/div>\n\t\t\t\t<\/div>\n\t\t\t\t\t<\/div>\n\t\t<\/div>\n\t\t\t\t<div class=\"elementor-column elementor-col-50 elementor-top-column elementor-element elementor-element-49d90dc\" data-id=\"49d90dc\" data-element_type=\"column\">\n\t\t\t<div class=\"elementor-widget-wrap elementor-element-populated\">\n\t\t\t\t\t\t<div class=\"elementor-element elementor-element-193bb568 wpr-flip-box-anim-direction-up wpr-flip-box-animation-flip wpr-flip-box-animation-3d-yes wpr-flip-box-front-align-center wpr-flip-box-back-align-center elementor-widget elementor-widget-wpr-flip-box\" data-id=\"193bb568\" data-element_type=\"widget\" data-widget_type=\"wpr-flip-box.default\">\n\t\t\t\t<div class=\"elementor-widget-container\">\n\t\t\t\t\t\t\n\t\t<div class=\"wpr-flip-box\" data-trigger=\"hover\">\n\t\t\t\n\t\t\t<div class=\"wpr-flip-box-item wpr-flip-box-front wpr-anim-timing-ease-default\">\n\n\t\t\t\t<div class=\"wpr-flip-box-overlay\"><\/div>\n\n\t\t\t\t<div class=\"wpr-flip-box-content\">\n\t\t\t\t\t\n\t\t\t\t\t\t\t\t\t\t\n\t\t\t\t\t\n\t\t\t\t\t\t\n\n\t\t\t\t\t\t\n\n\t\t\t\t<\/div>\n\t\t\t<\/div>\n\n\t\t\t<div class=\"wpr-flip-box-item wpr-flip-box-back wpr-anim-timing-ease-default\">\n\n\t\t\t\t<div class=\"wpr-flip-box-overlay\"><\/div>\n\t\t\t\t\n\t\t\t\t<div class=\"wpr-flip-box-content\">\n\t\t\t\t\t\n\t\t\t\t\t\t\t\t\t\t<a class=\"wpr-flip-box-link\" ><\/a>\t\n\t\t\t\t\t\n\t\t\t\t\t\t\t\t\t\t\n\t\t\t\t\t\t\t\t\t\t\t<h3 class=\"wpr-flip-box-title\">\n\t\t\t\t\t\t\tMurat Akta\u015f\t\t\t\t\t\t<\/h3>\n\t\t\t\t\t\n\t\t\t\t\t\t\n\n\t\t\t\t\t\t\n\n\t\t\t\t<\/div>\n\t\t\t<\/div>\n\t\t<\/div>\n\n\t\t\t\t<\/div>\n\t\t\t\t<\/div>\n\t\t\t\t\t<\/div>\n\t\t<\/div>\n\t\t\t\t\t<\/div>\n\t\t<\/section>\n\t\t\t\t<\/div>\n\t\t","protected":false},"excerpt":{"rendered":"<p>EK\u0130B\u0130M\u0130Z Murat Akta\u015f YMM &amp; Ba\u011f\u0131ms\u0131z Denet\u00e7i 1975 y\u0131l\u0131nda Almanya\u00b4da do\u011fdu. N\u00fcfus kay\u0131t yeri Eski\u015fehir \u0130li\u2019dir. Ankara Maliye Meslek Lisesi (1989-1992) mezunu. 1997 y\u0131l\u0131nda Gazi \u00dcniversitesi \u0130ktisadi ve \u0130dari Bilimler Fak\u00fcltesi \u0130\u015fletme (Muhasebe Uzlan\u0131m) B\u00f6l\u00fcm\u00fc\u00b4nden mezun oldu. 2006 &#8211; 2008 y\u0131llar\u0131 aras\u0131nda Amerika Birle\u015fik Devletlerinde Carnegie Mellon Univercity\u2019de Kamu Y\u00f6netimi (Master of Public Management \u2013 MPM) alan\u0131nda y\u00fcksek lisans yapt\u0131. 1998 y\u0131l\u0131nda Maliye M\u00fcfetti\u015f Yard\u0131mc\u0131s\u0131, 2001 &#8211; 2008 y\u0131llar\u0131nda Maliye M\u00fcfetti\u015fi, 2008-2010 y\u0131llar\u0131nda Maliye Ba\u015f M\u00fcfetti\u015fi olarak g\u00f6rev yapt\u0131. 2009 &#8211; 2010 y\u0131llar\u0131nda (Eski) Tefti\u015f Kurulu Ba\u015fkan Yard\u0131mc\u0131l\u0131\u011f\u0131 g\u00f6revini y\u00fcr\u00fctt\u00fc. 2010-2013 y\u0131llar\u0131 aras\u0131nda (Eski) Maliye Bakanl\u0131\u011f\u0131 Milli Emlak Genel M\u00fcd\u00fcrl\u00fc\u011f\u00fc Bilgi \u0130\u015flem Dairesi Ba\u015fkan\u0131 olarak g\u00f6rev yapt\u0131.\u00a0 2013 &#8211; 2016 y\u0131llar\u0131nda e\u011fitmen olarak B\u00fcy\u00fck \u00d6l\u00e7ekli M\u00fckellefler Grup Ba\u015fkanl\u0131\u011f\u0131nda e\u011fitici olarak \u00e7ok say\u0131da e\u011fitim verdi. Halen MNS Yeminli Mali M\u00fc\u015favirlik A.\u015e.\u2019nin Y\u00f6netim Kurulu Ba\u015fkan\u0131 ve dan\u0131\u015fman olarak \u00f6zel sekt\u00f6rde \u00e7al\u0131\u015fmaktad\u0131r. Ba\u011f\u0131ms\u0131z Denet\u00e7i yetkisine sahiptir. \u0130yi derecede \u0130ngilizce bilmektedir. Evlidir. 2 \u00e7ocuk sahibidir. Murat Akta\u015f<\/p>\n","protected":false},"author":1,"featured_media":0,"parent":0,"menu_order":0,"comment_status":"closed","ping_status":"closed","template":"","meta":{"footnotes":""},"class_list":["post-1469","page","type-page","status-publish","hentry"],"aioseo_notices":[],"_links":{"self":[{"href":"https:\/\/mnsymm.com.tr\/index.php?rest_route=\/wp\/v2\/pages\/1469","targetHints":{"allow":["GET"]}}],"collection":[{"href":"https:\/\/mnsymm.com.tr\/index.php?rest_route=\/wp\/v2\/pages"}],"about":[{"href":"https:\/\/mnsymm.com.tr\/index.php?rest_route=\/wp\/v2\/types\/page"}],"author":[{"embeddable":true,"href":"https:\/\/mnsymm.com.tr\/index.php?rest_route=\/wp\/v2\/users\/1"}],"replies":[{"embeddable":true,"href":"https:\/\/mnsymm.com.tr\/index.php?rest_route=%2Fwp%2Fv2%2Fcomments&post=1469"}],"version-history":[{"count":13,"href":"https:\/\/mnsymm.com.tr\/index.php?rest_route=\/wp\/v2\/pages\/1469\/revisions"}],"predecessor-version":[{"id":1642,"href":"https:\/\/mnsymm.com.tr\/index.php?rest_route=\/wp\/v2\/pages\/1469\/revisions\/1642"}],"wp:attachment":[{"href":"https:\/\/mnsymm.com.tr\/index.php?rest_route=%2Fwp%2Fv2%2Fmedia&parent=1469"}],"curies":[{"name":"wp","href":"https:\/\/api.w.org\/{rel}","templated":true}]}}