{"id":9,"date":"2024-06-14T14:27:05","date_gmt":"2024-06-14T14:27:05","guid":{"rendered":"https:\/\/demosites.royal-elementor-addons.com\/financial-services-v1\/?page_id=9"},"modified":"2024-12-06T13:02:56","modified_gmt":"2024-12-06T13:02:56","slug":"hakkimizda","status":"publish","type":"page","link":"https:\/\/mnsymm.com.tr\/?page_id=9","title":{"rendered":"Hakk\u0131m\u0131zda"},"content":{"rendered":"\t\t<div data-elementor-type=\"wp-page\" data-elementor-id=\"9\" class=\"elementor elementor-9\">\n\t\t\t\t<div class=\"elementor-element elementor-element-e6579ae e-flex e-con-boxed wpr-particle-no wpr-jarallax-no wpr-parallax-no wpr-sticky-section-no e-con e-parent\" data-id=\"e6579ae\" data-element_type=\"container\">\n\t\t\t\t\t<div class=\"e-con-inner\">\n\t\t<div class=\"elementor-element elementor-element-7ab3aa5 e-flex e-con-boxed wpr-particle-no wpr-jarallax-no wpr-parallax-no wpr-sticky-section-no elementor-invisible e-con e-child\" data-id=\"7ab3aa5\" data-element_type=\"container\" data-settings=\"{&quot;animation&quot;:&quot;slideInLeft&quot;}\">\n\t\t\t\t\t<div class=\"e-con-inner\">\n\t\t\t\t<div class=\"elementor-element elementor-element-2b0a9b6 elementor-widget elementor-widget-heading\" data-id=\"2b0a9b6\" data-element_type=\"widget\" data-widget_type=\"heading.default\">\n\t\t\t\t<div class=\"elementor-widget-container\">\n\t\t\t<h2 class=\"elementor-heading-title elementor-size-default\">Hakk\u0131m\u0131zda<\/h2>\t\t<\/div>\n\t\t\t\t<\/div>\n\t\t\t\t<div class=\"elementor-element elementor-element-5f23e21 elementor-widget elementor-widget-text-editor\" data-id=\"5f23e21\" data-element_type=\"widget\" data-widget_type=\"text-editor.default\">\n\t\t\t\t<div class=\"elementor-widget-container\">\n\t\t\t\t\t\t\t<p>D\u00fcr\u00fcstl\u00fck ve g\u00fcveni temel de\u011ferleri olarak benimseyen firmam\u0131z\u0131n hedefi; kurumsalla\u015fma s\u00fcrecinde, ulusal ve uluslararas\u0131 meslek etiklerine ba\u011fl\u0131 kalarak, s\u00fcrekli geli\u015fim ve ya\u015fam boyu \u00f6\u011frenmeye duydu\u011fu inan\u00e7la m\u00fc\u015fterilerimize en uygun profesyonel \u00e7\u00f6z\u00fcmleri zaman\u0131nda sunmak ve i\u015f s\u00fcre\u00e7lerine de\u011fer katmakt\u0131r.<\/p>\t\t\t\t\t\t<\/div>\n\t\t\t\t<\/div>\n\t\t\t\t\t<\/div>\n\t\t\t\t<\/div>\n\t\t\t\t\t<\/div>\n\t\t\t\t<\/div>\n\t\t<div class=\"elementor-element elementor-element-e2c4003 e-flex e-con-boxed wpr-particle-no wpr-jarallax-no wpr-parallax-no wpr-sticky-section-no e-con e-parent\" data-id=\"e2c4003\" data-element_type=\"container\">\n\t\t\t\t\t<div class=\"e-con-inner\">\n\t\t<div class=\"elementor-element elementor-element-3878c15 e-flex e-con-boxed wpr-particle-no wpr-jarallax-no wpr-parallax-no wpr-sticky-section-no elementor-invisible e-con e-child\" data-id=\"3878c15\" data-element_type=\"container\" data-settings=\"{&quot;animation&quot;:&quot;slideInLeft&quot;}\">\n\t\t\t\t\t<div class=\"e-con-inner\">\n\t\t\t\t<div class=\"elementor-element elementor-element-72aafcb elementor-widget elementor-widget-heading\" data-id=\"72aafcb\" data-element_type=\"widget\" data-widget_type=\"heading.default\">\n\t\t\t\t<div class=\"elementor-widget-container\">\n\t\t\t<h2 class=\"elementor-heading-title elementor-size-default\">Vizyonumuz<\/h2>\t\t<\/div>\n\t\t\t\t<\/div>\n\t\t\t\t<div class=\"elementor-element elementor-element-84e7306 elementor-invisible elementor-widget elementor-widget-text-editor\" data-id=\"84e7306\" data-element_type=\"widget\" data-settings=\"{&quot;_animation&quot;:&quot;fadeIn&quot;}\" data-widget_type=\"text-editor.default\">\n\t\t\t\t<div class=\"elementor-widget-container\">\n\t\t\t\t\t\t\t<div id=\"bgLayers_comp-lr28vngu__item-kel2ntrs\" class=\"MW5IWV\" data-hook=\"bgLayers\" data-motion-part=\"BG_LAYER\"><div id=\"bgMedia_comp-lr28vngu__item-kel2ntrs\" class=\"VgO9Yg\" data-motion-part=\"BG_MEDIA\"><p>M\u00fc\u015favirlik ve finansal dan\u0131\u015fmanl\u0131k alanlar\u0131nda uzmanl\u0131\u011f\u0131yla tan\u0131nan, uluslararas\u0131 trendleri yak\u0131ndan takip eden ve m\u00fc\u015fterilerinin \u00f6zel ihtiya\u00e7lar\u0131na g\u00f6re \u00f6zelle\u015ftirilmi\u015f \u00e7\u00f6z\u00fcmler sunan butik bir dan\u0131\u015fmanl\u0131k firmas\u0131 olmak.<\/p><p>\u00a0<\/p><\/div><\/div>\t\t\t\t\t\t<\/div>\n\t\t\t\t<\/div>\n\t\t\t\t<div class=\"elementor-element elementor-element-b935819 elementor-widget elementor-widget-heading\" data-id=\"b935819\" data-element_type=\"widget\" data-widget_type=\"heading.default\">\n\t\t\t\t<div class=\"elementor-widget-container\">\n\t\t\t<h2 class=\"elementor-heading-title elementor-size-default\">Misyonumuz<\/h2>\t\t<\/div>\n\t\t\t\t<\/div>\n\t\t\t\t<div class=\"elementor-element elementor-element-6d90e34 elementor-invisible elementor-widget elementor-widget-text-editor\" data-id=\"6d90e34\" data-element_type=\"widget\" data-settings=\"{&quot;_animation&quot;:&quot;fadeIn&quot;}\" data-widget_type=\"text-editor.default\">\n\t\t\t\t<div class=\"elementor-widget-container\">\n\t\t\t\t\t\t\t<div id=\"bgLayers_comp-lr28vngu__item-kel2ntrs\" class=\"MW5IWV\" data-hook=\"bgLayers\" data-motion-part=\"BG_LAYER\"><div id=\"bgMedia_comp-lr28vngu__item-kel2ntrs\" class=\"VgO9Yg\" data-motion-part=\"BG_MEDIA\"><p>-G\u00fcncel mevzuat\u0131 objektif bir anlay\u0131\u015fla yorumlayarak do\u011fru bir \u015fekilde uygulamak,<br \/>-Yarg\u0131 kararlar\u0131n\u0131 ve idari uygulamalar\u0131 yak\u0131ndan izleyerek m\u00fc\u015fterilerine zaman\u0131nda ve do\u011fru rehberlik sa\u011flamak,<br \/>-Bilgi ve tecr\u00fcbeyi harmanlayarak, farkl\u0131 disiplinlerin kesi\u015fim noktas\u0131nda y\u00fcksek kaliteli hizmet sunmak,<br \/>-Etkin finansal y\u00f6netim dan\u0131\u015fmanl\u0131\u011f\u0131 ile m\u00fc\u015fterilerine modern, kurumsal ve s\u00fcrd\u00fcr\u00fclebilir \u00e7\u00f6z\u00fcmler geli\u015ftirmek.<\/p><\/div><\/div>\t\t\t\t\t\t<\/div>\n\t\t\t\t<\/div>\n\t\t\t\t<div class=\"elementor-element elementor-element-ca89e63 elementor-widget elementor-widget-heading\" data-id=\"ca89e63\" data-element_type=\"widget\" data-widget_type=\"heading.default\">\n\t\t\t\t<div class=\"elementor-widget-container\">\n\t\t\t<h2 class=\"elementor-heading-title elementor-size-default\">De\u011ferlerimiz<\/h2>\t\t<\/div>\n\t\t\t\t<\/div>\n\t\t\t\t<div class=\"elementor-element elementor-element-e8afc1d elementor-invisible elementor-widget elementor-widget-text-editor\" data-id=\"e8afc1d\" data-element_type=\"widget\" data-settings=\"{&quot;_animation&quot;:&quot;fadeIn&quot;}\" data-widget_type=\"text-editor.default\">\n\t\t\t\t<div class=\"elementor-widget-container\">\n\t\t\t\t\t\t\t<div id=\"bgLayers_comp-lr28vngu__item-kel2ntrs\" class=\"MW5IWV\" data-hook=\"bgLayers\" data-motion-part=\"BG_LAYER\"><div id=\"bgMedia_comp-lr28vngu__item-kel2ntrs\" class=\"VgO9Yg\" data-motion-part=\"BG_MEDIA\"><p>-G\u00fcvenilirlik<br \/>-D\u00fcr\u00fcstl\u00fck<br \/>-Mesleki \u00d6zen<br \/>-Sorumluluk ve Hesap Verebilirlik<br \/>-Sonu\u00e7 Odakl\u0131l\u0131k<\/p><\/div><\/div>\t\t\t\t\t\t<\/div>\n\t\t\t\t<\/div>\n\t\t\t\t\t<\/div>\n\t\t\t\t<\/div>\n\t\t\t\t\t<\/div>\n\t\t\t\t<\/div>\n\t\t\t\t<\/div>\n\t\t","protected":false},"excerpt":{"rendered":"<p>Hakk\u0131m\u0131zda D\u00fcr\u00fcstl\u00fck ve g\u00fcveni temel de\u011ferleri olarak benimseyen firmam\u0131z\u0131n hedefi; kurumsalla\u015fma s\u00fcrecinde, ulusal ve uluslararas\u0131 meslek etiklerine ba\u011fl\u0131 kalarak, s\u00fcrekli geli\u015fim ve ya\u015fam boyu \u00f6\u011frenmeye duydu\u011fu inan\u00e7la m\u00fc\u015fterilerimize en uygun profesyonel \u00e7\u00f6z\u00fcmleri zaman\u0131nda sunmak ve i\u015f s\u00fcre\u00e7lerine de\u011fer katmakt\u0131r. Vizyonumuz M\u00fc\u015favirlik ve finansal dan\u0131\u015fmanl\u0131k alanlar\u0131nda uzmanl\u0131\u011f\u0131yla tan\u0131nan, uluslararas\u0131 trendleri yak\u0131ndan takip eden ve m\u00fc\u015fterilerinin \u00f6zel ihtiya\u00e7lar\u0131na g\u00f6re \u00f6zelle\u015ftirilmi\u015f \u00e7\u00f6z\u00fcmler sunan butik bir dan\u0131\u015fmanl\u0131k firmas\u0131 olmak. \u00a0 Misyonumuz -G\u00fcncel mevzuat\u0131 objektif bir anlay\u0131\u015fla yorumlayarak do\u011fru bir \u015fekilde uygulamak,-Yarg\u0131 kararlar\u0131n\u0131 ve idari uygulamalar\u0131 yak\u0131ndan izleyerek m\u00fc\u015fterilerine zaman\u0131nda ve do\u011fru rehberlik sa\u011flamak,-Bilgi ve tecr\u00fcbeyi harmanlayarak, farkl\u0131 disiplinlerin kesi\u015fim noktas\u0131nda y\u00fcksek kaliteli hizmet sunmak,-Etkin finansal y\u00f6netim dan\u0131\u015fmanl\u0131\u011f\u0131 ile m\u00fc\u015fterilerine modern, kurumsal ve s\u00fcrd\u00fcr\u00fclebilir \u00e7\u00f6z\u00fcmler geli\u015ftirmek. De\u011ferlerimiz -G\u00fcvenilirlik-D\u00fcr\u00fcstl\u00fck-Mesleki \u00d6zen-Sorumluluk ve Hesap Verebilirlik-Sonu\u00e7 Odakl\u0131l\u0131k<\/p>\n","protected":false},"author":1,"featured_media":0,"parent":0,"menu_order":0,"comment_status":"closed","ping_status":"closed","template":"elementor_canvas","meta":{"footnotes":""},"class_list":["post-9","page","type-page","status-publish","hentry"],"aioseo_notices":[],"_links":{"self":[{"href":"https:\/\/mnsymm.com.tr\/index.php?rest_route=\/wp\/v2\/pages\/9","targetHints":{"allow":["GET"]}}],"collection":[{"href":"https:\/\/mnsymm.com.tr\/index.php?rest_route=\/wp\/v2\/pages"}],"about":[{"href":"https:\/\/mnsymm.com.tr\/index.php?rest_route=\/wp\/v2\/types\/page"}],"author":[{"embeddable":true,"href":"https:\/\/mnsymm.com.tr\/index.php?rest_route=\/wp\/v2\/users\/1"}],"replies":[{"embeddable":true,"href":"https:\/\/mnsymm.com.tr\/index.php?rest_route=%2Fwp%2Fv2%2Fcomments&post=9"}],"version-history":[{"count":70,"href":"https:\/\/mnsymm.com.tr\/index.php?rest_route=\/wp\/v2\/pages\/9\/revisions"}],"predecessor-version":[{"id":1468,"href":"https:\/\/mnsymm.com.tr\/index.php?rest_route=\/wp\/v2\/pages\/9\/revisions\/1468"}],"wp:attachment":[{"href":"https:\/\/mnsymm.com.tr\/index.php?rest_route=%2Fwp%2Fv2%2Fmedia&parent=9"}],"curies":[{"name":"wp","href":"https:\/\/api.w.org\/{rel}","templated":true}]}}